{"id":21,"date":"2025-10-13T11:44:42","date_gmt":"2025-10-13T11:44:42","guid":{"rendered":"https:\/\/psicologachamberi.es\/?page_id=21"},"modified":"2026-03-11T08:53:34","modified_gmt":"2026-03-11T08:53:34","slug":"conoceme","status":"publish","type":"page","link":"https:\/\/psicologachamberi.es\/en\/conoceme\/","title":{"rendered":"Con\u00f3ceme"},"content":{"rendered":"\t\t<div data-elementor-type=\"wp-page\" data-elementor-id=\"21\" class=\"elementor elementor-21\" data-elementor-post-type=\"page\">\n\t\t\t\t<div class=\"elementor-element elementor-element-14105566 e-flex e-con-boxed e-con e-parent\" data-id=\"14105566\" data-element_type=\"container\" data-e-type=\"container\" data-settings=\"{&quot;background_background&quot;:&quot;classic&quot;}\">\n\t\t\t\t\t<div class=\"e-con-inner\">\n\t\t<div class=\"elementor-element elementor-element-628e9e36 e-con-full e-flex e-con e-child\" data-id=\"628e9e36\" data-element_type=\"container\" data-e-type=\"container\">\n\t\t<div class=\"elementor-element elementor-element-4bd618a3 e-con-full e-flex e-con e-child\" data-id=\"4bd618a3\" data-element_type=\"container\" data-e-type=\"container\">\n\t\t\t\t<div class=\"elementor-element elementor-element-3cf68a71 elementor-widget elementor-widget-heading\" data-id=\"3cf68a71\" data-element_type=\"widget\" data-e-type=\"widget\" data-widget_type=\"heading.default\">\n\t\t\t\t\t<h1 class=\"elementor-heading-title elementor-size-default\">Con\u00f3ceme<\/h1>\t\t\t\t<\/div>\n\t\t\t\t<div class=\"elementor-element elementor-element-62a0edf1 elementor-widget elementor-widget-text-editor\" data-id=\"62a0edf1\" data-element_type=\"widget\" data-e-type=\"widget\" data-widget_type=\"text-editor.default\">\n\t\t\t\t\t\t\t\t\t<p class=\"zfr3Q CDt4Ke \" dir=\"ltr\"><span class=\"C9DxTc \">Mi nombre es Laura Grinsztajn, nac\u00ed en Buenos Aires en el a\u00f1o 1965.\u00a0<\/span><span class=\"C9DxTc \">S<\/span><span class=\"C9DxTc \">oy argentino-espa\u00f1ola, radicada hace m\u00e1<\/span><span class=\"C9DxTc \">s de 20 a<\/span><span class=\"C9DxTc \">\u00f1os\u00a0<\/span><span class=\"C9DxTc \">en Madrid, Espa\u00f1a.\u00a0<\/span><\/p><p class=\"zfr3Q CDt4Ke \" dir=\"ltr\"><span class=\"C9DxTc \">E<\/span><span class=\"C9DxTc \">n 1990 o<\/span><span class=\"C9DxTc \">btuve la Licenciatura en Psicolog\u00eda de la Universidad de Buenos Aires, y en la actualidad sigo ejerciendo mi profesi\u00f3n siempre actualiz\u00e1ndome.\u00a0<\/span><\/p><p class=\"zfr3Q CDt4Ke \" dir=\"ltr\"><span class=\"C9DxTc \">Soy\u00a0<\/span><span class=\"C9DxTc \">Psic\u00f3loga Sanitaria\u00a0<\/span><span class=\"C9DxTc \">C<\/span><span class=\"C9DxTc \">olegiada\u00a0<\/span><span class=\"C9DxTc \">por\u00a0<\/span><span class=\"C9DxTc \">el Colegio Oficial de la Psicolog\u00eda de Madrid:<\/span><span class=\"C9DxTc \">\u00a0M-27784, con<\/span><span class=\"C9DxTc \">\u00a0Certificaci\u00f3n para el ejercicio de actividades sanitarias en todo el territorio espa\u00f1ol, otorgada por\u00a0<\/span><span class=\"C9DxTc \">l<\/span><span class=\"C9DxTc \">a Consejer\u00eda de Sanidad de la Comunidad de Madrid (2014).\u00a0<\/span><\/p><p class=\"zfr3Q CDt4Ke \" dir=\"ltr\"><span class=\"C9DxTc \">Realic\u00e9 numerosos cursos de formaci\u00f3n en t\u00e9cnicas y disciplinas de consciencia corporal y un\u00a0<\/span><span class=\"C9DxTc \">Posgrado en Neurociencia\u00a0<\/span><span class=\"C9DxTc \">C<\/span><span class=\"C9DxTc \">ognitiva<\/span><span class=\"C9DxTc \">\u00a0en la\u00a0<\/span><span class=\"C9DxTc \">Universidad de la Cuenca del Plata<\/span><span class=\"C9DxTc \">\u00a0de<\/span><span class=\"C9DxTc \">\u00a0<\/span><span class=\"C9DxTc \">A<\/span><span class=\"C9DxTc \">rgentina<\/span><span class=\"C9DxTc \">\u00a0(2021).\u00a0<\/span><\/p><p class=\"zfr3Q CDt4Ke \" dir=\"ltr\"><span class=\"C9DxTc \">Pertenezco a\u00a0<\/span><span class=\"C9DxTc \">los grupos de trabajo Enfoque corporal en la terapia psicol\u00f3gica (coordinadora) y Psicolog\u00eda y dolor del COP Madrid.<\/span><\/p><p class=\"zfr3Q CDt4Ke \" dir=\"ltr\"><span class=\"C9DxTc \">Con m\u00e1s de 25 a\u00f1os de experiencia, ofrezco<\/span><span class=\"C9DxTc \">\u00a0<\/span><span class=\"C9DxTc aw5Odc \">atenci\u00f3n psicol\u00f3gica<\/span><span class=\"C9DxTc \">\u00a0<\/span><span class=\"C9DxTc \">a personas adultas con dolencias corporales y sufrimiento emocional.<\/span><span class=\"C9DxTc \">\u00a0<\/span><span class=\"C9DxTc \">M<\/span><span class=\"C9DxTc \">e he especializado en el abordaje emocional del dolor\u00a0<\/span><span class=\"C9DxTc \">persistente<\/span><span class=\"C9DxTc \">\u00a0y del trauma psicol\u00f3gico. S\u00edntomas de ansiedad, estr\u00e9s y depresi\u00f3n<\/span><span class=\"C9DxTc \">.<\/span><span class=\"C9DxTc \">\u00a0\u00a0<\/span><span class=\"C9DxTc \">Trabajo de manera personalizada atendiendo a las necesidades particulares de quien pide mi ayuda y dise\u00f1ando de manera conjunta el proceso terap\u00e9utico.<\/span><\/p><p class=\"zfr3Q CDt4Ke \" dir=\"ltr\">\u00a0<\/p><p class=\"zfr3Q CDt4Ke \" dir=\"ltr\"><span class=\"C9DxTc \">Ofrezco a los<\/span><span class=\"C9DxTc aw5Odc \">\u00a0profesionales de la salud<\/span><span class=\"C9DxTc \">\u00a0un espacio individual de co-visi\u00f3n para tramitar dificultades propias del ejercicio de las profes<\/span><span class=\"C9DxTc \">iones<\/span><span class=\"C9DxTc \">\u00a0de ayuda,<\/span><span class=\"C9DxTc \">\u00a0adem\u00e1s de la posibilidad de participar en los\u00a0<\/span><span class=\"C9DxTc \">encuentros<\/span><span class=\"C9DxTc \">\u00a0grupales de consciencia corporal<\/span><span class=\"C9DxTc \">. Ofrezco\u00a0<\/span><span class=\"C9DxTc \">cursos de formaci\u00f3n online a trav\u00e9s de diferentes plataformas, y presencial a demanda en\u00a0<\/span><span class=\"C9DxTc \">asociaciones, instituciones, fundaciones<\/span><span class=\"C9DxTc \">.<\/span><\/p><p class=\"zfr3Q CDt4Ke \" dir=\"ltr\"><span class=\"C9DxTc \">He escrito cuatro\u00a0<\/span><a class=\"XqQF9c\" href=\"https:\/\/www.psicologiaintegrada.es\/publicaciones\" target=\"_blank\" rel=\"noopener\"><span class=\"C9DxTc aw5Odc \">libros<\/span><\/a><span class=\"C9DxTc \">\u00a0que me han posibilitado transmitir mi visi\u00f3n, mi filosof\u00eda de trabajo y de vida.<\/span><\/p><div class=\"elementor-element elementor-element-44fa6008 elementor-widget elementor-widget-text-editor\" data-id=\"44fa6008\" data-element_type=\"widget\" data-e-type=\"widget\" data-widget_type=\"text-editor.default\"><p data-start=\"637\" data-end=\"1007\">Tambi\u00e9n estoy certificada como profesional en Sensibilidad del Procesamiento Sensorial y Personas Altamente Sensibles (PAS).<\/p><\/div>\t\t\t\t\t\t\t\t<\/div>\n\t\t\t\t<\/div>\n\t\t<div class=\"elementor-element elementor-element-1b51998d e-con-full e-flex e-con e-child\" data-id=\"1b51998d\" data-element_type=\"container\" data-e-type=\"container\">\n\t\t<div class=\"elementor-element elementor-element-6cce0829 e-con-full e-flex elementor-invisible e-con e-child\" data-id=\"6cce0829\" data-element_type=\"container\" data-e-type=\"container\" data-settings=\"{&quot;background_background&quot;:&quot;classic&quot;,&quot;animation&quot;:&quot;fadeInUp&quot;,&quot;sticky&quot;:&quot;top&quot;,&quot;sticky_on&quot;:[&quot;desktop&quot;],&quot;sticky_offset&quot;:30,&quot;sticky_anchor_link_offset_tablet&quot;:1,&quot;sticky_parent&quot;:&quot;yes&quot;,&quot;sticky_effects_offset&quot;:0,&quot;sticky_anchor_link_offset&quot;:0}\">\n\t\t\t\t<div class=\"elementor-element elementor-element-6e7c5c93 elementor-widget elementor-widget-spacer\" data-id=\"6e7c5c93\" data-element_type=\"widget\" data-e-type=\"widget\" data-widget_type=\"spacer.default\">\n\t\t\t\t\t\t\t<div class=\"elementor-spacer\">\n\t\t\t<div class=\"elementor-spacer-inner\"><\/div>\n\t\t<\/div>\n\t\t\t\t\t\t<\/div>\n\t\t\t\t<div class=\"elementor-element elementor-element-40346ff3 elementor-align-center elementor-widget elementor-widget-button\" data-id=\"40346ff3\" data-element_type=\"widget\" data-e-type=\"widget\" data-widget_type=\"button.default\">\n\t\t\t\t\t\t\t\t\t\t<a class=\"elementor-button elementor-button-link elementor-size-sm\" href=\"https:\/\/psicologachamberi.es\/en\/contacto\/\">\n\t\t\t\t\t\t<span class=\"elementor-button-content-wrapper\">\n\t\t\t\t\t\t\t\t\t<span class=\"elementor-button-text\">Primera cita tel\u00e9fonica gratuita<\/span>\n\t\t\t\t\t<\/span>\n\t\t\t\t\t<\/a>\n\t\t\t\t\t\t\t\t<\/div>\n\t\t\t\t<\/div>\n\t\t\t\t<\/div>\n\t\t\t\t<\/div>\n\t\t\t\t\t<\/div>\n\t\t\t\t<\/div>\n\t\t\t\t<\/div>\n\t\t","protected":false},"excerpt":{"rendered":"<p>Con\u00f3ceme Mi nombre es Laura Grinsztajn, nac\u00ed en Buenos Aires en el a\u00f1o 1965.\u00a0Soy argentino-espa\u00f1ola, radicada hace m\u00e1s de 20 a\u00f1os\u00a0en Madrid, Espa\u00f1a.\u00a0 En 1990 obtuve la Licenciatura en Psicolog\u00eda de la Universidad de Buenos Aires, y en la actualidad sigo ejerciendo mi profesi\u00f3n siempre actualiz\u00e1ndome.\u00a0 Soy\u00a0Psic\u00f3loga Sanitaria\u00a0Colegiada\u00a0por\u00a0el Colegio Oficial de la Psicolog\u00eda de Madrid:\u00a0M-27784, [&hellip;]<\/p>\n","protected":false},"author":2,"featured_media":0,"parent":0,"menu_order":0,"comment_status":"closed","ping_status":"closed","template":"","meta":{"footnotes":""},"class_list":["post-21","page","type-page","status-publish","hentry"],"_links":{"self":[{"href":"https:\/\/psicologachamberi.es\/en\/wp-json\/wp\/v2\/pages\/21","targetHints":{"allow":["GET"]}}],"collection":[{"href":"https:\/\/psicologachamberi.es\/en\/wp-json\/wp\/v2\/pages"}],"about":[{"href":"https:\/\/psicologachamberi.es\/en\/wp-json\/wp\/v2\/types\/page"}],"author":[{"embeddable":true,"href":"https:\/\/psicologachamberi.es\/en\/wp-json\/wp\/v2\/users\/2"}],"replies":[{"embeddable":true,"href":"https:\/\/psicologachamberi.es\/en\/wp-json\/wp\/v2\/comments?post=21"}],"version-history":[{"count":10,"href":"https:\/\/psicologachamberi.es\/en\/wp-json\/wp\/v2\/pages\/21\/revisions"}],"predecessor-version":[{"id":159,"href":"https:\/\/psicologachamberi.es\/en\/wp-json\/wp\/v2\/pages\/21\/revisions\/159"}],"wp:attachment":[{"href":"https:\/\/psicologachamberi.es\/en\/wp-json\/wp\/v2\/media?parent=21"}],"curies":[{"name":"wp","href":"https:\/\/api.w.org\/{rel}","templated":true}]}}