{"id":162,"date":"2026-03-11T08:55:50","date_gmt":"2026-03-11T08:55:50","guid":{"rendered":"https:\/\/psicologachamberi.es\/?page_id=162"},"modified":"2026-03-12T06:32:53","modified_gmt":"2026-03-12T06:32:53","slug":"personas-alta-sensibilidad","status":"publish","type":"page","link":"https:\/\/psicologachamberi.es\/en\/personas-alta-sensibilidad\/","title":{"rendered":"Alta Sensibilidad"},"content":{"rendered":"<div data-elementor-type=\"wp-page\" data-elementor-id=\"162\" class=\"elementor elementor-162\" data-elementor-post-type=\"page\">\n\t\t\t\t<div class=\"elementor-element elementor-element-db142ab e-flex e-con-boxed e-con e-parent\" data-id=\"db142ab\" data-element_type=\"container\" data-e-type=\"container\" data-settings=\"{&quot;background_background&quot;:&quot;classic&quot;}\">\n\t\t\t\t\t<div class=\"e-con-inner\">\n\t\t\t\t<div class=\"elementor-element elementor-element-15dae4a elementor-widget elementor-widget-heading\" data-id=\"15dae4a\" data-element_type=\"widget\" data-e-type=\"widget\" data-widget_type=\"heading.default\">\n\t\t\t\t\t<h1 class=\"elementor-heading-title elementor-size-default\">Alta Sensibilidad (PAS)<\/h1>\t\t\t\t<\/div>\n\t\t\t\t<div class=\"elementor-element elementor-element-d138da2 elementor-widget elementor-widget-text-editor\" data-id=\"d138da2\" data-element_type=\"widget\" data-e-type=\"widget\" data-widget_type=\"text-editor.default\">\n\t\t\t\t\t\t\t\t\t<p data-redactor-style-cache=\"text-align: center;\"><span data-redactor-span=\"true\" data-redactor-style-cache=\"color: rgb(118, 84, 49);\">\u00bfSientes que no encajas, que eres un \u201cbicho raro\u201d y cuando te encuentras en lugares ruidosos te alteras demasiado, o las luces brillantes te lastiman, los olores fuertes provocan rechazo y algunas prendas molestan en tu piel\u2026?<\/span><\/p><p data-redactor-style-cache=\"text-align: center;\"><span data-redactor-span=\"true\" data-redactor-style-cache=\"color: rgb(118, 84, 49);\">\u00bfPercibes muchos detalles del ambiente y piensas en m\u00faltiples alternativas y escenarios posibles antes de afrontar un problema?<\/span><\/p><p data-redactor-style-cache=\"text-align: center;\"><span data-redactor-span=\"true\" data-redactor-style-cache=\"color: rgb(118, 84, 49);\">Cuando est\u00e1s con alguien\u2026, \u00bfsientes lo que la otra persona est\u00e1 sintiendo?<\/span><\/p><p><span data-redactor-span=\"true\" data-redactor-style-cache=\"color: rgb(118, 84, 49);\"><strong>Tal vez eres una PAS:\u00a0<\/strong><\/span><span data-redactor-span=\"true\" data-redactor-style-cache=\"color: rgb(118, 84, 49);\"><strong>Persona Altamente Sensible.<\/strong><\/span><\/p><p>El t\u00e9rmino Alta Sensibilidad surge de la investigaci\u00f3n realizada por Elaine y Arthur Aron, psic\u00f3logos norteamericanos, que estudiaron este rasgo de personalidad en la d\u00e9cada de los \u00b490 del siglo pasado, cuyo nombre cient\u00edfico es Sensibilidad del Procesamiento Sensorial.<\/p><p>Lo que descubren en estas personas es que su cerebro posee una mayor capacidad de procesamiento y respuesta a la informaci\u00f3n sensorial proveniente del medio interno y externo. El t\u00e9rmino \u00abalta sensibilidad\u00bb no significa sentir m\u00e1s o tener m\u00e1s desarrollados los sentidos, sino que aquellas que presentan este rasgo, captan y procesan mayor cantidad de informaci\u00f3n y suelen responder a los est\u00edmulos con m\u00e1s intensidad que otras personas.<\/p><p>Las caracter\u00edsticas principales y los cuatro pilares de la Alta Sensibilidad descrita por los doctores Aron son:<\/p><ol><li>Un procesamiento cognitivo m\u00e1s\u00a0profundo y complejo\u00a0de la informaci\u00f3n proveniente de est\u00edmulos f\u00edsicos, emocionales y sociales.<\/li><li>El aumento de la reactividad emocional y la empat\u00eda.<\/li><li>Una mayor consciencia de las sutilezas, matices y detalles ambientales.<\/li><li>Facilidad para la sobreestimulaci\u00f3n del Sistema Nervioso Central.<\/li><\/ol><p>\u00a0<\/p><h3><span data-redactor-span=\"true\" data-redactor-style-cache=\"color: rgb(118, 84, 49);\">La Alta Sensibilidad<\/span><\/h3><p><span data-redactor-span=\"true\" data-redactor-style-cache=\"color: rgb(118, 84, 49);\">La Sensibilidad del Procesamiento Sensorial no est\u00e1 considerada una patolog\u00eda o un trastorno sino una caracter\u00edstica o rasgo de la personalidad.<\/span><\/p><p><span data-redactor-span=\"true\" data-redactor-style-cache=\"color: rgb(118, 84, 49);\">Sin embargo, de acuerdo con las influencias del entorno y la crianza, puede transformarse en un desaf\u00edo para la persona y hasta en un lastre:<\/span><\/p><p><em>El ni\u00f1o sensible que recibe de sus padres, hermanos, maestros y amigos mensajes de que es un llor\u00f3n, que ser tan sensible es un \u00abdefecto\u00bb y no sirve para nada, muy probablemente llegar\u00e1 a percibirse como raro, como deficiente, como d\u00e9bil y hasta no deseado o culpable. L\u00f3gicamente, su autoestima se ver\u00e1 severamente afectada\u2026\u00a0<\/em>(del libro Personas Altamente Sensibles\u00a0de Karina Zegers de Beijl).<\/p><p>La crianza de ni\u00f1os y ni\u00f1as altamente sensibles requiere de paciencia, comprensi\u00f3n y coherencia; de la validaci\u00f3n de sus emociones, contar con espacios de calma que le ayuden a regular su sistema nervioso, y actividades creativas que le permitan la expresi\u00f3n de su sensibilidad.\u00a0Los padres no deben intentar cambiar el rasgo, sino guiar a sus hijos\/as para que lo integren como una parte valiosa de su propia identidad.<\/p><p>Las personas adultas que por fin descubren su alta sensibilidad y toman consciencia de la influencia que tiene en su vida, comienzan a comprenderse, y\u00a0sienten por lo general un gran alivio, logran\u00a0desarrollar estrategias de autorregulaci\u00f3n y potenciar los aspectos positivos y caracter\u00edsticas del rasgo como la intuici\u00f3n, la empat\u00eda, el pensamiento divergente y la creatividad.<\/p><p><span data-redactor-span=\"true\" data-redactor-style-cache=\"color: rgb(118, 84, 49);\">Un ambiente enriquecido que acepta a la persona con todas sus caracter\u00edsticas particulares y le ayuda a encauzar de manera positiva su sensibilidad, permitir\u00e1 que el rasgo se transforme con el tiempo en un verdadero DON para ella, y en un REGALO para las personas que la rodean\u2026<\/span><\/p><h2>\u2026<\/h2><p><span data-redactor-span=\"true\" data-redactor-style-cache=\"color: rgb(118, 84, 49);\"><strong>Si sientes que tienes caracter\u00edsticas de una PAS y quieres confirmarlo, accede a la Prueba Oficial de la Alta Sensibilidad\u00a0<a href=\"https:\/\/pasespana.org\/test\/\" target=\"_blank\" rel=\"noopener\">aqu\u00ed.\u00a0<\/a><\/strong><\/span><\/p><p><span data-redactor-span=\"true\" data-redactor-style-cache=\"color: rgb(118, 84, 49);\"><strong>Y si necesitas ayuda, no dudes en ponerte en contacto conmigo ya que estoy Certificada como Profesional en Sensibilidad del Procesamiento Sensorial y Personas Altamente Sensibles.\u00a0<a href=\"https:\/\/pasespana.org\/listado-profesionales-pas\/name\/laura-grinsztajn\/\" target=\"_blank\" rel=\"noopener\">https:\/\/pasespana.org\/listado-profesionales-pas\/name\/laura-grinsztajn\/<\/a><\/strong><\/span><\/p>\t\t\t\t\t\t\t\t<\/div>\n\t\t<div class=\"elementor-element elementor-element-08c10d5 e-con-full e-flex e-con e-child\" data-id=\"08c10d5\" data-element_type=\"container\" data-e-type=\"container\">\n\t\t\t\t<div class=\"elementor-element elementor-element-b501fa3 elementor-widget elementor-widget-image\" data-id=\"b501fa3\" data-element_type=\"widget\" data-e-type=\"widget\" data-widget_type=\"image.default\">\n\t\t\t\t\t\t\t\t\t\t\t\t\t\t\t<img fetchpriority=\"high\" decoding=\"async\" width=\"724\" height=\"1024\" src=\"https:\/\/psicologachamberi.es\/wp-content\/uploads\/2026\/03\/176_Diploma_Laura_Grinsztajn-1-724x1024-1.jpg\" class=\"attachment-large size-large wp-image-164\" alt=\"\" srcset=\"https:\/\/psicologachamberi.es\/wp-content\/uploads\/2026\/03\/176_Diploma_Laura_Grinsztajn-1-724x1024-1.jpg 724w, https:\/\/psicologachamberi.es\/wp-content\/uploads\/2026\/03\/176_Diploma_Laura_Grinsztajn-1-724x1024-1-212x300.jpg 212w, https:\/\/psicologachamberi.es\/wp-content\/uploads\/2026\/03\/176_Diploma_Laura_Grinsztajn-1-724x1024-1-8x12.jpg 8w\" sizes=\"(max-width: 724px) 100vw, 724px\" \/>\t\t\t\t\t\t\t\t\t\t\t\t\t\t\t<\/div>\n\t\t\t\t<div class=\"elementor-element elementor-element-9ac6bd1 elementor-widget elementor-widget-image\" data-id=\"9ac6bd1\" data-element_type=\"widget\" data-e-type=\"widget\" data-widget_type=\"image.default\">\n\t\t\t\t\t\t\t\t\t\t\t\t\t\t\t<img decoding=\"async\" width=\"800\" height=\"800\" src=\"https:\/\/psicologachamberi.es\/wp-content\/uploads\/2025\/10\/ProfesionalPAS_acreditado-1-1024x1024-1.png\" class=\"attachment-large size-large wp-image-151\" alt=\"\" srcset=\"https:\/\/psicologachamberi.es\/wp-content\/uploads\/2025\/10\/ProfesionalPAS_acreditado-1-1024x1024-1.png 1024w, https:\/\/psicologachamberi.es\/wp-content\/uploads\/2025\/10\/ProfesionalPAS_acreditado-1-1024x1024-1-300x300.png 300w, https:\/\/psicologachamberi.es\/wp-content\/uploads\/2025\/10\/ProfesionalPAS_acreditado-1-1024x1024-1-150x150.png 150w, https:\/\/psicologachamberi.es\/wp-content\/uploads\/2025\/10\/ProfesionalPAS_acreditado-1-1024x1024-1-768x768.png 768w, https:\/\/psicologachamberi.es\/wp-content\/uploads\/2025\/10\/ProfesionalPAS_acreditado-1-1024x1024-1-12x12.png 12w\" sizes=\"(max-width: 800px) 100vw, 800px\" \/>\t\t\t\t\t\t\t\t\t\t\t\t\t\t\t<\/div>\n\t\t\t\t<\/div>\n\t\t\t\t\t<\/div>\n\t\t\t\t<\/div>\n\t\t\t\t<\/div>","protected":false},"excerpt":{"rendered":"<p>Alta Sensibilidad (PAS) \u00bfSientes que no encajas, que eres un \u201cbicho raro\u201d y cuando te encuentras en lugares ruidosos te alteras demasiado, o las luces brillantes te lastiman, los olores fuertes provocan rechazo y algunas prendas molestan en tu piel\u2026? \u00bfPercibes muchos detalles del ambiente y piensas en m\u00faltiples alternativas y escenarios posibles antes de [&hellip;]<\/p>\n","protected":false},"author":2,"featured_media":0,"parent":0,"menu_order":0,"comment_status":"closed","ping_status":"closed","template":"","meta":{"footnotes":""},"class_list":["post-162","page","type-page","status-publish","hentry"],"_links":{"self":[{"href":"https:\/\/psicologachamberi.es\/en\/wp-json\/wp\/v2\/pages\/162","targetHints":{"allow":["GET"]}}],"collection":[{"href":"https:\/\/psicologachamberi.es\/en\/wp-json\/wp\/v2\/pages"}],"about":[{"href":"https:\/\/psicologachamberi.es\/en\/wp-json\/wp\/v2\/types\/page"}],"author":[{"embeddable":true,"href":"https:\/\/psicologachamberi.es\/en\/wp-json\/wp\/v2\/users\/2"}],"replies":[{"embeddable":true,"href":"https:\/\/psicologachamberi.es\/en\/wp-json\/wp\/v2\/comments?post=162"}],"version-history":[{"count":5,"href":"https:\/\/psicologachamberi.es\/en\/wp-json\/wp\/v2\/pages\/162\/revisions"}],"predecessor-version":[{"id":199,"href":"https:\/\/psicologachamberi.es\/en\/wp-json\/wp\/v2\/pages\/162\/revisions\/199"}],"wp:attachment":[{"href":"https:\/\/psicologachamberi.es\/en\/wp-json\/wp\/v2\/media?parent=162"}],"curies":[{"name":"wp","href":"https:\/\/api.w.org\/{rel}","templated":true}]}}