{"id":105,"date":"2025-10-28T09:58:50","date_gmt":"2025-10-28T09:58:50","guid":{"rendered":"https:\/\/psicologachamberi.es\/?page_id=105"},"modified":"2026-01-21T06:03:13","modified_gmt":"2026-01-21T06:03:13","slug":"novedades","status":"publish","type":"page","link":"https:\/\/psicologachamberi.es\/en\/novedades\/","title":{"rendered":"Novedades"},"content":{"rendered":"<div data-elementor-type=\"wp-page\" data-elementor-id=\"105\" class=\"elementor elementor-105\" data-elementor-post-type=\"page\">\n\t\t\t\t<div class=\"elementor-element elementor-element-09cc4df e-flex e-con-boxed e-con e-parent\" data-id=\"09cc4df\" data-element_type=\"container\" data-e-type=\"container\" data-settings=\"{&quot;background_background&quot;:&quot;classic&quot;}\">\n\t\t\t\t\t<div class=\"e-con-inner\">\n\t\t<div class=\"elementor-element elementor-element-f78001d e-con-full e-flex e-con e-child\" data-id=\"f78001d\" data-element_type=\"container\" data-e-type=\"container\">\n\t\t\t\t<div class=\"elementor-element elementor-element-480f649 elementor-widget elementor-widget-heading\" data-id=\"480f649\" data-element_type=\"widget\" data-e-type=\"widget\" data-widget_type=\"heading.default\">\n\t\t\t\t\t<h1 class=\"elementor-heading-title elementor-size-default\">Novedades<\/h1>\t\t\t\t<\/div>\n\t\t\t\t<div class=\"elementor-element elementor-element-de2ee4c elementor-widget elementor-widget-spacer\" data-id=\"de2ee4c\" data-element_type=\"widget\" data-e-type=\"widget\" data-widget_type=\"spacer.default\">\n\t\t\t\t\t\t\t<div class=\"elementor-spacer\">\n\t\t\t<div class=\"elementor-spacer-inner\"><\/div>\n\t\t<\/div>\n\t\t\t\t\t\t<\/div>\n\t\t<div class=\"elementor-element elementor-element-9a01f01 e-con-full e-flex elementor-invisible e-con e-child\" data-id=\"9a01f01\" data-element_type=\"container\" data-e-type=\"container\" data-settings=\"{&quot;animation&quot;:&quot;fadeInUp&quot;,&quot;background_background&quot;:&quot;classic&quot;}\">\n\t\t<div class=\"elementor-element elementor-element-0f2b2c9 e-con-full e-flex e-con e-child\" data-id=\"0f2b2c9\" data-element_type=\"container\" data-e-type=\"container\">\n\t\t\t\t<div class=\"elementor-element elementor-element-92963cb elementor-widget elementor-widget-text-editor\" data-id=\"92963cb\" data-element_type=\"widget\" data-e-type=\"widget\" data-widget_type=\"text-editor.default\">\n\t\t\t\t\t\t\t\t\t<p>En mi web <a href=\"https:\/\/www.psicologiaintegrada.es\/\" target=\"_blank\" rel=\"noopener\">psicologiaintegrada.es<\/a> tengo una secci\u00f3n donde publico todas las novedades, talleres y eventos que hago y que pueden ser de tu inter\u00e9s. Te invito a que visites la p\u00e1gina por si hay alg\u00fan evento o novedad que te interesa.<\/p>\n<p>Adem\u00e1s puedes acceder al&nbsp;<a href=\"https:\/\/psicologiaintegrada.es\/blog\/\" target=\"_blank\" rel=\"noopener\">Blog&nbsp;<\/a>en donde encontrar\u00e1s diferentes reflexiones sobre Psicolog\u00eda y Recursos som\u00e1ticos.<\/p>\t\t\t\t\t\t\t\t<\/div>\n\t\t\t\t<\/div>\n\t\t<div class=\"elementor-element elementor-element-3324ae5 e-con-full e-flex e-con e-child\" data-id=\"3324ae5\" data-element_type=\"container\" data-e-type=\"container\">\n\t\t\t\t<div class=\"elementor-element elementor-element-0606150 elementor-mobile-align-justify elementor-align-right elementor-widget elementor-widget-button\" data-id=\"0606150\" data-element_type=\"widget\" data-e-type=\"widget\" data-widget_type=\"button.default\">\n\t\t\t\t\t\t\t\t\t\t<a class=\"elementor-button elementor-button-link elementor-size-sm\" href=\"https:\/\/www.psicologiaintegrada.es\/novedades\" target=\"_blank\" rel=\"noopener\">\n\t\t\t\t\t\t<span class=\"elementor-button-content-wrapper\">\n\t\t\t\t\t\t\t\t\t<span class=\"elementor-button-text\">Ver novedades<\/span>\n\t\t\t\t\t<\/span>\n\t\t\t\t\t<\/a>\n\t\t\t\t\t\t\t\t<\/div>\n\t\t\t\t<\/div>\n\t\t\t\t<\/div>\n\t\t\t\t<\/div>\n\t\t\t\t\t<\/div>\n\t\t\t\t<\/div>\n\t\t\t\t<\/div>","protected":false},"excerpt":{"rendered":"<p>Novedades En mi web psicologiaintegrada.es tengo una secci\u00f3n donde publico todas las novedades, talleres y eventos que hago y que pueden ser de tu inter\u00e9s. Te invito a que visites la p\u00e1gina por si hay alg\u00fan evento o novedad que te interesa. Adem\u00e1s puedes acceder al&nbsp;Blog&nbsp;en donde encontrar\u00e1s diferentes reflexiones sobre Psicolog\u00eda y Recursos som\u00e1ticos. [&hellip;]<\/p>\n","protected":false},"author":2,"featured_media":0,"parent":0,"menu_order":0,"comment_status":"closed","ping_status":"closed","template":"","meta":{"footnotes":""},"class_list":["post-105","page","type-page","status-publish","hentry"],"_links":{"self":[{"href":"https:\/\/psicologachamberi.es\/en\/wp-json\/wp\/v2\/pages\/105","targetHints":{"allow":["GET"]}}],"collection":[{"href":"https:\/\/psicologachamberi.es\/en\/wp-json\/wp\/v2\/pages"}],"about":[{"href":"https:\/\/psicologachamberi.es\/en\/wp-json\/wp\/v2\/types\/page"}],"author":[{"embeddable":true,"href":"https:\/\/psicologachamberi.es\/en\/wp-json\/wp\/v2\/users\/2"}],"replies":[{"embeddable":true,"href":"https:\/\/psicologachamberi.es\/en\/wp-json\/wp\/v2\/comments?post=105"}],"version-history":[{"count":13,"href":"https:\/\/psicologachamberi.es\/en\/wp-json\/wp\/v2\/pages\/105\/revisions"}],"predecessor-version":[{"id":148,"href":"https:\/\/psicologachamberi.es\/en\/wp-json\/wp\/v2\/pages\/105\/revisions\/148"}],"wp:attachment":[{"href":"https:\/\/psicologachamberi.es\/en\/wp-json\/wp\/v2\/media?parent=105"}],"curies":[{"name":"wp","href":"https:\/\/api.w.org\/{rel}","templated":true}]}}